{"id":36,"date":"2022-02-11T20:59:19","date_gmt":"2022-02-11T20:59:19","guid":{"rendered":"http:\/\/www.flavievanderstigghel.com\/?page_id=36"},"modified":"2025-09-20T19:19:23","modified_gmt":"2025-09-20T19:19:23","slug":"actualites","status":"publish","type":"page","link":"https:\/\/www.flavievanderstigghel.com\/?page_id=36","title":{"rendered":"Actualit\u00e9s"},"content":{"rendered":"\n<p><\/p>\n\n\n\n<h2 class=\"has-text-align-center\">2025<\/h2>\n\n\n\n<figure class=\"wp-block-image size-large\"><a href=\"\n\n<figure class=\"wp-block-image size-large is-resized\"><a href=\"https:\/\/www.flavievanderstigghel.com\/wp-content\/uploads\/2025\/01\/2025-01-31-20_55_12-Window.jpg\"><img loading=\"lazy\" src=\"https:\/\/www.flavievanderstigghel.com\/wp-content\/uploads\/2025\/01\/2025-01-31-20_55_12-Window-1024x610.jpg\" alt=\"\" class=\"wp-image-777\" width=\"738\" height=\"440\" srcset=\"https:\/\/www.flavievanderstigghel.com\/wp-content\/uploads\/2025\/01\/2025-01-31-20_55_12-Window-1024x610.jpg 1024w, https:\/\/www.flavievanderstigghel.com\/wp-content\/uploads\/2025\/01\/2025-01-31-20_55_12-Window-300x179.jpg 300w, https:\/\/www.flavievanderstigghel.com\/wp-content\/uploads\/2025\/01\/2025-01-31-20_55_12-Window-768x458.jpg 768w, https:\/\/www.flavievanderstigghel.com\/wp-content\/uploads\/2025\/01\/2025-01-31-20_55_12-Window.jpg 1163w\" sizes=\"(max-width: 738px) 100vw, 738px\" \/><\/a><figcaption><strong><mark style=\"background-color:rgba(0, 0, 0, 0)\" class=\"has-inline-color has-black-color\">Galerie Heimat &#8211; St R\u00e9my-de-Provence<em> <\/em><\/mark><\/strong><\/figcaption><\/figure>\n\n\n<h2 class=\"has-text-align-center\">2024<\/h2>\n\n\n<div class=\"wp-block-media-text alignwide is-stacked-on-mobile\" style=\"grid-template-columns:45% auto\"><figure class=\"wp-block-media-text__media\"><img loading=\"lazy\" width=\"1024\" height=\"646\" src=\"http:\/\/www.flavievanderstigghel.com\/wp-content\/uploads\/2024\/09\/flav-1024x646.jpg\" alt=\"\" class=\"wp-image-487 size-full\" srcset=\"https:\/\/www.flavievanderstigghel.com\/wp-content\/uploads\/2024\/09\/flav-1024x646.jpg 1024w, https:\/\/www.flavievanderstigghel.com\/wp-content\/uploads\/2024\/09\/flav-300x189.jpg 300w, https:\/\/www.flavievanderstigghel.com\/wp-content\/uploads\/2024\/09\/flav-768x485.jpg 768w, https:\/\/www.flavievanderstigghel.com\/wp-content\/uploads\/2024\/09\/flav.jpg 1388w\" sizes=\"(max-width: 1024px) 100vw, 1024px\" \/><\/figure><div class=\"wp-block-media-text__content\">\n\n<p><strong>PAD LONDON <\/strong>avec Melissa Paul du 8 au 13 Octobre 2024<\/p>\n\n<\/div><\/div>\n\n\n<div class=\"wp-block-media-text alignwide is-stacked-on-mobile\" style=\"grid-template-columns:45% auto\"><figure class=\"wp-block-media-text__media\"><img loading=\"lazy\" width=\"1024\" height=\"570\" src=\"http:\/\/www.flavievanderstigghel.com\/wp-content\/uploads\/2024\/07\/Flav-expo-1024x570.jpg\" alt=\"\" class=\"wp-image-480 size-full\" srcset=\"https:\/\/www.flavievanderstigghel.com\/wp-content\/uploads\/2024\/07\/Flav-expo-1024x570.jpg 1024w, https:\/\/www.flavievanderstigghel.com\/wp-content\/uploads\/2024\/07\/Flav-expo-300x167.jpg 300w, https:\/\/www.flavievanderstigghel.com\/wp-content\/uploads\/2024\/07\/Flav-expo-768x428.jpg 768w, https:\/\/www.flavievanderstigghel.com\/wp-content\/uploads\/2024\/07\/Flav-expo.jpg 1117w\" sizes=\"(max-width: 1024px) 100vw, 1024px\" \/><\/figure><div class=\"wp-block-media-text__content\">\n\n<p><a href=\"https:\/\/galerieheimat.fr\" data-type=\"URL\" data-id=\"https:\/\/galerieheimat.fr\">https:\/\/galerieheimat.fr<\/a><\/p>\n\n<\/div><\/div>\n\n\n<p><\/p>\n\n\n<h2 class=\"has-text-align-center\">2023<\/h2>\n\n\n<div class=\"wp-block-media-text alignwide is-stacked-on-mobile\" style=\"grid-template-columns:22% auto\"><figure class=\"wp-block-media-text__media\"><img loading=\"lazy\" width=\"730\" height=\"1024\" src=\"https:\/\/www.flavievanderstigghel.com\/wp-content\/uploads\/2024\/10\/cf265cff-561b-334c-8aab-74b3f847016f-scaled-1-730x1024.jpg\" alt=\"\" class=\"wp-image-738 size-full\" srcset=\"https:\/\/www.flavievanderstigghel.com\/wp-content\/uploads\/2024\/10\/cf265cff-561b-334c-8aab-74b3f847016f-scaled-1-730x1024.jpg 730w, https:\/\/www.flavievanderstigghel.com\/wp-content\/uploads\/2024\/10\/cf265cff-561b-334c-8aab-74b3f847016f-scaled-1-214x300.jpg 214w, https:\/\/www.flavievanderstigghel.com\/wp-content\/uploads\/2024\/10\/cf265cff-561b-334c-8aab-74b3f847016f-scaled-1-768x1078.jpg 768w, https:\/\/www.flavievanderstigghel.com\/wp-content\/uploads\/2024\/10\/cf265cff-561b-334c-8aab-74b3f847016f-scaled-1-1094x1536.jpg 1094w, https:\/\/www.flavievanderstigghel.com\/wp-content\/uploads\/2024\/10\/cf265cff-561b-334c-8aab-74b3f847016f-scaled-1-1459x2048.jpg 1459w, https:\/\/www.flavievanderstigghel.com\/wp-content\/uploads\/2024\/10\/cf265cff-561b-334c-8aab-74b3f847016f-scaled-1-1024x1437.jpg 1024w, https:\/\/www.flavievanderstigghel.com\/wp-content\/uploads\/2024\/10\/cf265cff-561b-334c-8aab-74b3f847016f-scaled-1-770x1080.jpg 770w, https:\/\/www.flavievanderstigghel.com\/wp-content\/uploads\/2024\/10\/cf265cff-561b-334c-8aab-74b3f847016f-scaled-1.jpg 1824w\" sizes=\"(max-width: 730px) 100vw, 730px\" \/><\/figure><div class=\"wp-block-media-text__content\">\n\n<p><strong><mark style=\"background-color:rgba(0, 0, 0, 0)\" class=\"has-inline-color has-light-green-cyan-color\">Exposition personnelle<\/mark><\/strong>, mira \u00e0 M\u00e9nerbes, septembre-octobre.<\/p>\n\n\n<p><a href=\"https:\/\/www.flavievanderstigghel.com\/home\/flavie\/Bureau\/a sauvegarder\/Documents\/expo\/DOSSIER DE PRESSEFVDS.pdf\">Dossier de presse<\/a><\/p>\n\n<\/div><\/div>\n\n\n<div class=\"wp-block-media-text alignwide is-stacked-on-mobile\" style=\"grid-template-columns:22% auto\"><figure class=\"wp-block-media-text__media\"><img loading=\"lazy\" width=\"724\" height=\"1024\" src=\"https:\/\/www.flavievanderstigghel.com\/wp-content\/uploads\/2024\/10\/372057106_1068395194157563_2394468045956466027_n-724x1024.jpg\" alt=\"\" class=\"wp-image-740 size-full\" srcset=\"https:\/\/www.flavievanderstigghel.com\/wp-content\/uploads\/2024\/10\/372057106_1068395194157563_2394468045956466027_n-724x1024.jpg 724w, https:\/\/www.flavievanderstigghel.com\/wp-content\/uploads\/2024\/10\/372057106_1068395194157563_2394468045956466027_n-212x300.jpg 212w, https:\/\/www.flavievanderstigghel.com\/wp-content\/uploads\/2024\/10\/372057106_1068395194157563_2394468045956466027_n-768x1086.jpg 768w, https:\/\/www.flavievanderstigghel.com\/wp-content\/uploads\/2024\/10\/372057106_1068395194157563_2394468045956466027_n-1086x1536.jpg 1086w, https:\/\/www.flavievanderstigghel.com\/wp-content\/uploads\/2024\/10\/372057106_1068395194157563_2394468045956466027_n-1024x1448.jpg 1024w, https:\/\/www.flavievanderstigghel.com\/wp-content\/uploads\/2024\/10\/372057106_1068395194157563_2394468045956466027_n-764x1080.jpg 764w, https:\/\/www.flavievanderstigghel.com\/wp-content\/uploads\/2024\/10\/372057106_1068395194157563_2394468045956466027_n.jpg 1448w\" sizes=\"(max-width: 724px) 100vw, 724px\" \/><\/figure><div class=\"wp-block-media-text__content\">\n\n<p><mark style=\"background-color:rgba(0, 0, 0, 0)\" class=\"has-inline-color has-luminous-vivid-amber-color\">Exposition collective<\/mark> au Mas Anthin\u00e9a \u00e0 Mazan, du 23 au 30 septembre 2023.<\/p>\n\n<\/div><\/div>\n\n\n<div class=\"wp-block-media-text alignwide is-stacked-on-mobile\" style=\"grid-template-columns:22% auto\"><figure class=\"wp-block-media-text__media\"><img loading=\"lazy\" width=\"500\" height=\"768\" src=\"http:\/\/www.flavievanderstigghel.com\/wp-content\/uploads\/2023\/06\/affichePPS2023.png\" alt=\"\" class=\"wp-image-457 size-full\" srcset=\"https:\/\/www.flavievanderstigghel.com\/wp-content\/uploads\/2023\/06\/affichePPS2023.png 500w, https:\/\/www.flavievanderstigghel.com\/wp-content\/uploads\/2023\/06\/affichePPS2023-195x300.png 195w\" sizes=\"(max-width: 500px) 100vw, 500px\" \/><\/figure><div class=\"wp-block-media-text__content\">\n\n<p><strong><mark style=\"background-color:rgba(0, 0, 0, 0)\" class=\"has-inline-color has-pale-pink-color\">\u00ab Peace \u00bb<\/mark> Fondation Pierre et Poppy Salinger, <\/strong>Le Thor de juillet \u00e0 octobre 2023.  <a href=\"https:\/\/www.pierresalinger.org\/\" data-type=\"URL\" data-id=\"https:\/\/www.pierresalinger.org\/\">https:\/\/www.pierresalinger.org\/<\/a><\/p>\n\n\n<p><strong>Hommage \u00e0 Clara Halter<\/strong><br>avec Julien All\u00e8gre, G\u00e9rard Aubert, Philippe Berry, R\u00e9miBoyer, Ursula Caruel, Gina Coppens, Parvine Curie, Karl-Heinz Diegner, St\u00e9phane Erouane Dumas, Nicolas Er\u00e8s, Christiane Filliatreau, Fr\u00e9d\u00e9rique Fleury, Odile de Frayssinet, Jean-Pierre Formica, Nadine Nadine Fourr\u00e9, Sybille Friedel, Corado Gardone, Francis Guerrier,Edith Guillaume, Clara Halter,Albert Hettinger, Jakos, JonOne,<br>Marie-No\u00eblle de La Poype,Fran\u00e7ois Malingr\u00eby, Anne Pharel, Nell et Domingo Politi,Patrice Poutout, Vera R\u00f6hm, Jacques Salles,HedvaSer,Flavie VanDerStigghel, Christian vonSydow, Caroline White(CRB), Placide Z\u00e9phyr.<\/p>\n\n<\/div><\/div>\n\n\n<div class=\"wp-block-media-text alignwide is-stacked-on-mobile\" style=\"grid-template-columns:22% auto\"><figure class=\"wp-block-media-text__media\"><img loading=\"lazy\" width=\"595\" height=\"842\" src=\"http:\/\/www.flavievanderstigghel.com\/wp-content\/uploads\/2023\/06\/autre-ville-encart-net.jpg\" alt=\"\" class=\"wp-image-458 size-full\" srcset=\"https:\/\/www.flavievanderstigghel.com\/wp-content\/uploads\/2023\/06\/autre-ville-encart-net.jpg 595w, https:\/\/www.flavievanderstigghel.com\/wp-content\/uploads\/2023\/06\/autre-ville-encart-net-212x300.jpg 212w\" sizes=\"(max-width: 595px) 100vw, 595px\" \/><\/figure><div class=\"wp-block-media-text__content\">\n\n<p><mark style=\"background-color:rgba(0, 0, 0, 0)\" class=\"has-inline-color has-luminous-vivid-orange-color\">\u00ab <strong>Monumentales \u00bb<\/strong><\/mark><strong> Autre ville, Vaison<\/strong> la Romaine de Juin \u00e0 septembre 2023. <a href=\"https:\/\/avignon-arts-contemporains.com\/wp-content\/uploads\/2023\/05\/ARTEMIS-Autre-ville-2023-Dossier-de-Presse.pdf\">Dossier de presse<\/a>    <a href=\"https:\/\/autrevilleorg.wordpress.com\/\">Lien site<\/a><br>Pour ce dixi\u00e8me anniversaire Autre Ville investit toute la ville et propose un festival d\u2019art contemporain qui s\u2019\u00e9tend de juin \u00e0 septembre. Il s\u2019ouvrira par un symposium de sculpture et l\u2019inauguration d\u2019un parcours de sculpture monumentales.<br>En ao\u00fbt, le parcours d\u2019art dans les jardins essaimera dans toute la ville. En tout, quarante trois artistes de tous horizons ont \u00e9t\u00e9 invit\u00e9s \u00e0 cette manifestation qui attire un public attir\u00e9 par le contact direct avec les cr\u00e9ateurs install\u00e9s dans des lieux insolites.<\/p>\n\n\n<p><strong><mark style=\"background-color:rgba(0, 0, 0, 0)\" class=\"has-inline-color has-luminous-vivid-orange-color\">\u00ab Parcours d\u2019Art \u00bb<\/mark><\/strong> Festival Autre Ville, Vaison la Romaine, du 10 au 14 Ao\u00fbt.<\/p>\n\n<\/div><\/div>\n\n\n<p><br><\/p>\n\n\n<p><br><strong>2022<\/strong> Hommage \u00e0 Vincent Boeuf, Les Jardins de Poppy, Le Thor de Juillet \u00e0 octobre.<\/p>\n\n\n<p><br><strong>2021<\/strong> \u00ab GURU \u00bb Galerie M\u00e9lissa Paul \u00e0 la Maison Cornette de St Cyr, Paris <br>Exposition collective, Galerie M\u00e9lissa, Nice de Ao\u00fbt \u00e0 d\u00e9cembre .<br>R\u00e9alisation du Bar Lumineux pour et avec Guy Bareff, Maybourne Riviera, Cap d\u2019Ail.<\/p>\n\n\n<p><strong>2019<\/strong> \u00ab Hommage \u00e0 Jackie \u00bb, Fondation Pierre et Poppy Salinger, Le Thor.<br>Galerie Num\u00e9ro 5, Eveline Carubini \u00e0 Arles, de Mai \u00e0 Septembre.<br>Galerie DNR, Exposition collective, L\u2019isle sur la Sorgue Juillet-octobre.<br>\u00ab Autre Ville \u00bb Parcours art contemporain \u00e0 Vaison La Romaine.<\/p>\n\n\n<p><strong>2018&nbsp;<\/strong> Autre Ville par Art\u00e9mis \u00e0 Vaison la Romaine.<\/p>\n\n\n<p>\u00ab&nbsp;De l\u2019Amour&nbsp;\u00bb Mus\u00e9e Pierre Salinger, Le Thor<\/p>\n\n\n<p>\u00ab Couleurs \u00bb Ch\u00e2teau de Bosc \u00e0 Domazan &nbsp;&nbsp; <a href=\"https:\/\/ogi.chateau-de-bosc.com\/upload\/files\/dossier-de-presse-18(1).pdf\">(Dossier de Presse)<\/a><\/p>\n\n\n[ngg src=\u00a0\u00bbgalleries\u00a0\u00bb ids=\u00a0\u00bb1&Prime; display=\u00a0\u00bbbasic_thumbnail\u00a0\u00bb]\n\n\n<p>Exposition au Rex \u00e0 St Remy<\/p>\n\n\n<p><\/p>\n\n\n<p><strong>2017<\/strong> &nbsp;\u00ab&nbsp;Artyshop&nbsp;\u00bb, 5\u00e8me \u00e9dition, Le Cartel, Avignon<\/p>\n\n\n<p>\u00ab&nbsp;Eclectik&nbsp;\u00bb, 10\u00e8me \u00e9dition, H2Arts, Cassis<\/p>\n\n\n<p>\u00ab&nbsp;Songe d\u2019une nuit d\u2019\u00e9t\u00e9&nbsp;\u00bb Fondation Pierre et Poppy Salinger, La Bastide Rose, Le Thor<\/p>\n\n\n<p><br><strong>2016&nbsp;<\/strong> \u00abTotem&nbsp;\u00bb Fondation Pierre et Poppy Salinger, La Bastide Rose, Le Thor<\/p>\n\n\n<p>\u00ab&nbsp;Les Amis de G\u00e9rard Drouillet exposent dans son atelier&nbsp;\u00bb, Eygali\u00e8res<\/p>\n\n\n<p>Exposition personnelle, Galerie Pascal Lain\u00e9, M\u00e9nerbes<br>\u00abArtistes de la Galerie&nbsp;\u00bb, Galerie de l\u2019Ancienne Poste, Toucy (Yonne)<\/p>\n\n\n<p><br><strong>2015<\/strong>&nbsp;&nbsp; Exposition collective \u00ab&nbsp;Nos coups de c\u0153ur&nbsp;\u00bb, Galerie Pascal Lain\u00e9, M\u00e9nerbes&nbsp;<\/p>\n\n\n<p>\u00ab&nbsp;La Note blanche&nbsp;\u00bb, exposition personnelle avec l\u2019intervention sonore de Lucien Gaudion, Les Baux-de-Provence.<br>R\u00e9trospective 2014, Galerie de l\u2019Ancienne Poste, Toucy&nbsp;<\/p>\n\n\n<p><br><strong>2014&nbsp;<\/strong>&nbsp; \u00ab&nbsp;Envol&nbsp;\u00bb, exposition personnelle, Galerie de l\u2019Ancienne Poste, Toucy&nbsp;<\/p>\n\n\n<p>Drapeaux d\u2019artistes, Festival international d\u2019art contemporain APART, Les Baux-de-Provence&nbsp;<br>Festival de Land\u2019art , La Roque d\u2019Anth\u00e9ron<br>\u00ab&nbsp;Les mots de la terre&nbsp;\u00bb, C\u00e9ramistes contemporains, Ch\u00e2teau de La Tour d\u2019Aigues&nbsp;<br>Septembre de la C\u00e9ramique et du Verre, r\u00e9sidence \u00e0 l\u2019Atelier Serra, Les Baux-de-Provence.&nbsp;<\/p>\n\n\n<p>Exposition collective \u00ab&nbsp;Nos coups de c\u0153ur \u00bb, Galerie Pascal Lain\u00e9, M\u00e9nerbes<\/p>\n\n\n<p><br><strong>2013<\/strong>&nbsp; 110 \u00e8me Salon d\u2019Automne, Champs-Elys\u00e9es \u00e0 Paris&nbsp;<\/p>\n\n\n<p>Galerie DNR, avec Jacques Salles et B\u00e9r\u00e9nice Sazjner, L\u2019Isle-sur-la-Sorgue<br>R\u00e9sidence d\u2019artiste, Festival Grandeur Nature, Savoillans<\/p>\n\n\n<p><br><strong>2012<\/strong>&nbsp; \u00ab&nbsp;Promenades Imaginaires&nbsp;\u00bb, Festival international A-Part, Les Baux-de-Provence.<\/p>\n\n\n<p>Exposition collective avec Johan Creten, Elsa Sahal, Kristin McKirdy, Akashi Murakami,&nbsp;La Roque d\u2019Anth\u00e9ron&nbsp;<\/p>\n\n\n<p><strong>2011<\/strong>&nbsp; \u00ab L\u2019\u00e9t\u00e9 du Petit Temple&nbsp;\u00bb, Exposition avec Lou Luneau, Ganges<\/p>\n\n\n<p>\u00ab&nbsp;Atelier \u00e9ph\u00e9m\u00e8re&nbsp;\u00bb chez Marc Nucera, Festival A-part, Noves<\/p>\n\n\n<p>\u00ab&nbsp;100 \u00bd mesure&nbsp;\u00bb, Institut Saint Roman (St F\u00e9lix d\u2019Alzon), Beaucaire<\/p>\n\n\n<p><br><strong>2010<\/strong>&nbsp; \u00ab&nbsp;Urban Totem&nbsp;\u00bb, exposition personnelle, Galerie Men\u2019Art, Eygali\u00e8res<br><br><strong>2009<\/strong>&nbsp; Galerie Art-Beat, avec Albert Edon, Bruxelles (Belgique)&nbsp;<br><br><strong>2008<\/strong>&nbsp;&nbsp; Galerie Chapo, exposition collective, Gordes<\/p>\n\n\n<p>\u00ab&nbsp;Entre ciel et terre&nbsp;\u00bb, Galerie F. Allemand, Eygali\u00e8res<br>\u00ab&nbsp;L\u2019Atelier&nbsp;\u00bb, avec G\u00e9rard Drouillet et Guy Bareff, Tulette<\/p>\n\n\n<p><br><strong>2007<\/strong>&nbsp;&nbsp; \u00ab&nbsp;4 \u00e9l\u00e9ments = 1 Cube&nbsp;\u00bb, Maison Roque (G\u00e9rard Drouillet), Eygali\u00e8res<br><br><strong>2006<\/strong>&nbsp; \u00ab&nbsp;Sculptures&nbsp;\u00bb, exposition&nbsp;personnelle, Mas du C\u00e8dre (Robert Renard), Cheval-Blanc&nbsp;<\/p>\n\n\n<p>Prom\u00e9th\u00e9e-Humanitaire, exposition collective, Galerie F. Allemand, Eygali\u00e8res&nbsp;<br>Chapelle des P\u00e9nitents Blancs, avec Lou Luneau et Annie Sotinel, Gordes<br>\u00ab&nbsp;Le Printemps du Toulourenc&nbsp;\u00bb, Installation pour un parcours collectif, Savoillans<\/p>\n\n\n<p><br>2005&nbsp; \u00ab&nbsp;M\u00e9moires&nbsp;\u00bb, en collaboration avec Guy Bareff, Maison Roque \u00e0 Eygali\u00e8res&nbsp;<\/p>\n\n\n<p><\/p>\n\n\n<p><\/p>\n\n\n<div style=\"height:100px\" aria-hidden=\"true\" class=\"wp-block-spacer\"><\/div>\n\n\n<p>&nbsp;<\/p>\n\n\n<figure class=\"wp-block-image\"><img alt=\"\" class=\"wp-image-125\"\/><\/figure>\n\n\n<div style=\"height:100px\" aria-hidden=\"true\" class=\"wp-block-spacer\"><\/div>\n\n\n<p><\/p>\n\n\n<figure class=\"wp-block-image\"><img alt=\"\"\/><\/figure>\n\n\n<p><\/p>\n\n\n<p><\/p>\n\n\n<figure class=\"wp-block-image size-large\"><a href=\"http:\/\/www.flavievanderstigghel.com\/wp-content\/uploads\/2023\/06\/footer.jpg\"><img loading=\"lazy\" width=\"1024\" height=\"198\" src=\"http:\/\/www.flavievanderstigghel.com\/wp-content\/uploads\/2023\/06\/footer-1024x198.jpg\" alt=\"\" class=\"wp-image-461\" srcset=\"https:\/\/www.flavievanderstigghel.com\/wp-content\/uploads\/2023\/06\/footer-1024x198.jpg 1024w, https:\/\/www.flavievanderstigghel.com\/wp-content\/uploads\/2023\/06\/footer-300x58.jpg 300w, https:\/\/www.flavievanderstigghel.com\/wp-content\/uploads\/2023\/06\/footer-768x148.jpg 768w, https:\/\/www.flavievanderstigghel.com\/wp-content\/uploads\/2023\/06\/footer-1536x297.jpg 1536w, https:\/\/www.flavievanderstigghel.com\/wp-content\/uploads\/2023\/06\/footer.jpg 1554w\" sizes=\"(max-width: 1024px) 100vw, 1024px\" \/><\/a><\/figure>\n\n","protected":false},"excerpt":{"rendered":"<p>2025<\/p>\n","protected":false},"author":1,"featured_media":439,"parent":0,"menu_order":0,"comment_status":"closed","ping_status":"closed","template":"","meta":[],"_links":{"self":[{"href":"https:\/\/www.flavievanderstigghel.com\/index.php?rest_route=\/wp\/v2\/pages\/36"}],"collection":[{"href":"https:\/\/www.flavievanderstigghel.com\/index.php?rest_route=\/wp\/v2\/pages"}],"about":[{"href":"https:\/\/www.flavievanderstigghel.com\/index.php?rest_route=\/wp\/v2\/types\/page"}],"author":[{"embeddable":true,"href":"https:\/\/www.flavievanderstigghel.com\/index.php?rest_route=\/wp\/v2\/users\/1"}],"replies":[{"embeddable":true,"href":"https:\/\/www.flavievanderstigghel.com\/index.php?rest_route=%2Fwp%2Fv2%2Fcomments&post=36"}],"version-history":[{"count":61,"href":"https:\/\/www.flavievanderstigghel.com\/index.php?rest_route=\/wp\/v2\/pages\/36\/revisions"}],"predecessor-version":[{"id":799,"href":"https:\/\/www.flavievanderstigghel.com\/index.php?rest_route=\/wp\/v2\/pages\/36\/revisions\/799"}],"wp:featuredmedia":[{"embeddable":true,"href":"https:\/\/www.flavievanderstigghel.com\/index.php?rest_route=\/wp\/v2\/media\/439"}],"wp:attachment":[{"href":"https:\/\/www.flavievanderstigghel.com\/index.php?rest_route=%2Fwp%2Fv2%2Fmedia&parent=36"}],"curies":[{"name":"wp","href":"https:\/\/api.w.org\/{rel}","templated":true}]}}