{"id":2,"date":"2022-02-11T20:08:36","date_gmt":"2022-02-11T20:08:36","guid":{"rendered":"http:\/\/www.flavievanderstigghel.com\/?page_id=2"},"modified":"2024-10-18T15:54:17","modified_gmt":"2024-10-18T15:54:17","slug":"sample-page","status":"publish","type":"page","link":"https:\/\/www.flavievanderstigghel.com\/?page_id=2","title":{"rendered":"Biographie"},"content":{"rendered":"\n<div class=\"wpb_text_column wpb_content_element \">\n<div class=\"wpb_wrapper\">\n<div class=\"page\" title=\"Page 8\">\n<div class=\"section\">\n<div class=\"layoutArea\">\n<div class=\"column\">\n<figure><a href=\"http:\/\/www.flavievanderstigghel.com\/wp-content\/uploads\/2022\/03\/HEADER.jpg\"><img loading=\"lazy\" class=\"alignnone size-full wp-image-205\" src=\"http:\/\/www.flavievanderstigghel.com\/wp-content\/uploads\/2022\/03\/HEADER.jpg\" alt=\"\" width=\"1554\" height=\"300\" srcset=\"https:\/\/www.flavievanderstigghel.com\/wp-content\/uploads\/2022\/03\/HEADER.jpg 1554w, https:\/\/www.flavievanderstigghel.com\/wp-content\/uploads\/2022\/03\/HEADER-300x58.jpg 300w, https:\/\/www.flavievanderstigghel.com\/wp-content\/uploads\/2022\/03\/HEADER-768x148.jpg 768w, https:\/\/www.flavievanderstigghel.com\/wp-content\/uploads\/2022\/03\/HEADER-1024x198.jpg 1024w\" sizes=\"(max-width: 1554px) 100vw, 1554px\" \/><\/a><\/figure><p><\/p>\n<p>Flavie Van der Stigghel est une artiste c\u00e9ramiste fran\u00e7aise n\u00e9e en 1984. Son atelier est situ\u00e9 dans le sud de la France entre le Luberon et les Alpilles et ses \u0153uvres sont pr\u00e9sentes dans des collections publiques et priv\u00e9es en Europe, Suisse et Angleterre.<\/p>\n<p><\/p><\/div><\/div><\/div><\/div><\/div><\/div>\n\n\n\n<p>L\u2019intensit\u00e9 de ses sculptures, aux limites de l\u2019abstraction, d\u00e9note un immense besoin d\u2019ind\u00e9pendance cr\u00e9ative.<\/p>\n\n\n\n<p>Loin du minimalisme formel, elle confronte toute la complexit\u00e9 de ses r\u00e9alit\u00e9s v\u00e9cues dans le silence de l\u2019argile. Le lisse c\u00f4toie le rugueux, les vides contrastent avec les saillies, et sur une m\u00eame pi\u00e8ce, un \u00e9mail flamboyant peut laisser place \u00e0 la nudit\u00e9 de la terre.<\/p>\n\n\n\n<p>Dans un rapport \u00e0 l\u2019espace en lien avec ses \u00e9lans secrets, Flavie \u00e9tire souvent ses argiles jusqu\u2019aux limites de ce que peut supporter la mati\u00e8re. Cette dynamique sensible s\u2019intensifie par la g\u00e9om\u00e9trie qui structure ses constructions puis s\u2019\u00e9vade en formes libres.<\/p>\n\n\n\n<p>Avec une exigence technique tendue qui c\u00f4toie en m\u00eame temps une spontan\u00e9it\u00e9 palpitante, chaque \u0153uvre, apr\u00e8s avoir surv\u00e9cu \u00e0 des risques extr\u00eames, nous apparait alors avec toute sa densit\u00e9 et sa fougue.<\/p>\n\n\n\n<p>Elle a une vingtaine d\u2019ann\u00e9es, lorsque Guy Bareff l\u2019accepte comme stagiaire puis lui ouvre gracieusement son atelier six ann\u00e9es durant. G\u00e9rard Drouillet occupait alors le m\u00eame atelier. Ensemble ils travaillent et exposent tous les trois en 2006.<\/p>\n\n\n\n<blockquote class=\"wp-block-quote\"><p>Depuis plusieurs ann\u00e9es je regarde Flavie travailler dans l\u2019atelier.<\/p><p>Elle fa\u00e7onne et sculpte de mani\u00e8re instinctive, guid\u00e9e par les sentiments, la sensation de l&rsquo;instant.<\/p><p>Les contraintes de la technique employ\u00e9e au d\u00e9part, guident la forme sans id\u00e9es pr\u00e9con\u00e7ues.<\/p><p>Les mains et le c\u0153ur g\u00e9n\u00e9reux.La danse, la nature, les visages cach\u00e9s dans les \u00e9l\u00e9ments comme source d\u2019inspiration. La main qui prend plaisir \u00e0 la sensualit\u00e9 du modelage.<\/p><p>Les contraintes de la technique employ\u00e9e au d\u00e9part, guident la forme sans id\u00e9es pr\u00e9con\u00e7ue.<\/p><p>Il se pr\u00e9cise, fuit, revient, puis se d\u00e9mat\u00e9rialise, se fragmente, s\u2019enrichit de sa propre complexit\u00e9, aux limites de l\u2019abstraction. Pour Flavie, toutes les mati\u00e8res et les formes du vivant ne font qu&rsquo;un.L\u2019argile, le modelage, l\u2019intelligence des mains, cherchent, je le crois \u00e0 nous dire cela dans ses \u0153uvres.<\/p><cite>Guy Bareff, Tulette 2009<\/cite><\/blockquote>\n\n\n\n<p><\/p>\n\n\n\n<p><\/p>\n\n\n\n<p><\/p>\n\n\n\n<p><\/p>\n\n\n\n<p><\/p>\n\n\n\n<p><\/p>\n\n\n\n<p><\/p>\n\n\n\n<p><\/p>\n\n\n\n<p>En 2014, la Galerie de l\u2019Ancienne Poste lui consacre sa premi\u00e8re grande exposition personnelle&nbsp;: \u201cEnvol\u201d.<\/p>\n\n\n\n<p><\/p>\n\n\n\n<blockquote class=\"wp-block-quote\"><p><em>Fa\u00e7onn\u00e9 par l\u2019environnement, entre pass\u00e9 et pr\u00e9sent, conscience et inconscience, dans l\u2019\u00e8re avec l\u2019air. Transcription de la pens\u00e9e, &nbsp;d\u2019un langage, d\u2019une sensation. Mon travail parle de lien et de m\u00e9tamorphose.Le lien, dans sa part spirituelle mais aussi organique, que nous gardons ou non avec notre plan\u00e8te, avec nos propres cellules, les uns avec les autres. La m\u00e9tamorphose en tant que cons\u00e9quence de l\u2019agencement de la mati\u00e8re pour la vie, capacit\u00e9 de retranscrire plusieurs m\u00e9moires.Surtout ne pas pr\u00e9m\u00e9diter. Curiosit\u00e9 et d\u00e9sir spontan\u00e9 d&rsquo;une forme en guise de base. Chaque sculpture est comme un puzzle de terre o\u00f9 commence alors l\u2019\u00e9coute, la qu\u00eate d\u2019un mouvement, \u00e0 la recherche d&rsquo;une clef r\u00e9unissant les \u00e9l\u00e9ments entre eux.<\/em><\/p><cite><em>Flavie Van Der Stigghel<\/em><\/cite><\/blockquote>\n\n\n<div class=\"wp-block-image\">\n<figure class=\"aligncenter size-large\"><a href=\"http:\/\/www.flavievanderstigghel.com\/wp-content\/uploads\/2022\/03\/footer.jpg\"><img loading=\"lazy\" width=\"1024\" height=\"198\" src=\"http:\/\/www.flavievanderstigghel.com\/wp-content\/uploads\/2022\/03\/footer-1024x198.jpg\" alt=\"\" class=\"wp-image-196\" srcset=\"https:\/\/www.flavievanderstigghel.com\/wp-content\/uploads\/2022\/03\/footer-1024x198.jpg 1024w, https:\/\/www.flavievanderstigghel.com\/wp-content\/uploads\/2022\/03\/footer-300x58.jpg 300w, https:\/\/www.flavievanderstigghel.com\/wp-content\/uploads\/2022\/03\/footer-768x148.jpg 768w, https:\/\/www.flavievanderstigghel.com\/wp-content\/uploads\/2022\/03\/footer.jpg 1554w\" sizes=\"(max-width: 1024px) 100vw, 1024px\" \/><\/a><\/figure><\/div>\n\n\n<p class=\"has-text-align-center\">&nbsp;CV artistique <\/p>\n\n\n\n<div class=\"wp-block-file\"><object class=\"wp-block-file__embed\" data=\"https:\/\/www.flavievanderstigghel.com\/wp-content\/uploads\/2024\/10\/CV-artistique-Flavie-VDS.pdf\" type=\"application\/pdf\" style=\"width:100%;height:600px\" aria-label=\"Contenu embarqu\u00e9 CV-artistique-Flavie-VDS.\"><\/object><a id=\"wp-block-file--media-ff65fef8-944a-49a3-b81a-808cc0c794a0\" href=\"https:\/\/www.flavievanderstigghel.com\/wp-content\/uploads\/2024\/10\/CV-artistique-Flavie-VDS.pdf\">CV-artistique-Flavie-VDS<\/a><a href=\"https:\/\/www.flavievanderstigghel.com\/wp-content\/uploads\/2024\/10\/CV-artistique-Flavie-VDS.pdf\" class=\"wp-block-file__button\" download aria-describedby=\"wp-block-file--media-ff65fef8-944a-49a3-b81a-808cc0c794a0\">T\u00e9l\u00e9charger<\/a><\/div>\n","protected":false},"excerpt":{"rendered":"<p>Flavie Van der Stigghel est une artiste c\u00e9ramiste fran\u00e7aise n\u00e9e en 1984. Son atelier est situ\u00e9 dans le sud de la France entre le Luberon et les Alpilles et ses \u0153uvres sont pr\u00e9sentes dans des collections publiques et priv\u00e9es en Europe, Suisse et Angleterre. L\u2019intensit\u00e9 de ses sculptures, aux limites de l\u2019abstraction, d\u00e9note un immense&hellip; <br \/> <a class=\"read-more\" href=\"https:\/\/www.flavievanderstigghel.com\/?page_id=2\">Lire la suite<\/a><\/p>\n","protected":false},"author":1,"featured_media":745,"parent":0,"menu_order":0,"comment_status":"closed","ping_status":"open","template":"","meta":[],"_links":{"self":[{"href":"https:\/\/www.flavievanderstigghel.com\/index.php?rest_route=\/wp\/v2\/pages\/2"}],"collection":[{"href":"https:\/\/www.flavievanderstigghel.com\/index.php?rest_route=\/wp\/v2\/pages"}],"about":[{"href":"https:\/\/www.flavievanderstigghel.com\/index.php?rest_route=\/wp\/v2\/types\/page"}],"author":[{"embeddable":true,"href":"https:\/\/www.flavievanderstigghel.com\/index.php?rest_route=\/wp\/v2\/users\/1"}],"replies":[{"embeddable":true,"href":"https:\/\/www.flavievanderstigghel.com\/index.php?rest_route=%2Fwp%2Fv2%2Fcomments&post=2"}],"version-history":[{"count":22,"href":"https:\/\/www.flavievanderstigghel.com\/index.php?rest_route=\/wp\/v2\/pages\/2\/revisions"}],"predecessor-version":[{"id":744,"href":"https:\/\/www.flavievanderstigghel.com\/index.php?rest_route=\/wp\/v2\/pages\/2\/revisions\/744"}],"wp:featuredmedia":[{"embeddable":true,"href":"https:\/\/www.flavievanderstigghel.com\/index.php?rest_route=\/wp\/v2\/media\/745"}],"wp:attachment":[{"href":"https:\/\/www.flavievanderstigghel.com\/index.php?rest_route=%2Fwp%2Fv2%2Fmedia&parent=2"}],"curies":[{"name":"wp","href":"https:\/\/api.w.org\/{rel}","templated":true}]}}